{"id":1034,"date":"2024-02-10T13:42:35","date_gmt":"2024-02-10T13:42:35","guid":{"rendered":"https:\/\/startersites.io\/elementor\/smile-dent\/?page_id=1034"},"modified":"2025-11-27T20:07:57","modified_gmt":"2025-11-27T20:07:57","slug":"about-us","status":"publish","type":"page","link":"https:\/\/www.pencumndakaru.sn\/index.php\/about-us\/","title":{"rendered":"Qui sommes nous ?"},"content":{"rendered":"<h2 data-start=\"123\" data-end=\"170\"><strong data-start=\"126\" data-end=\"170\">\u00c0 propos de la F\u00e9d\u00e9ration Pencum Ndakaru<\/strong><\/h2>\n<p data-start=\"172\" data-end=\"376\">La <strong data-start=\"175\" data-end=\"204\">F\u00e9d\u00e9ration Pencum Ndakaru<\/strong> est une organisation fa\u00eeti\u00e8re regroupant six associations communautaires implant\u00e9es dans les communes de <strong data-start=\"310\" data-end=\"373\">Ouakam, Dalifort, Camb\u00e9r\u00e8ne, Gu\u00e9diawaye, Yoff et S\u00e9bikotane<\/strong>.<\/p>\n<p data-start=\"378\" data-end=\"687\"><img fetchpriority=\"high\" decoding=\"async\" class=\"size-medium wp-image-2262 alignleft\" src=\"http:\/\/www.pencumndakaru.sn\/wp-content\/uploads\/2025\/11\/pnd3-300x225.jpg\" alt=\"\" width=\"300\" height=\"225\" srcset=\"https:\/\/www.pencumndakaru.sn\/wp-content\/uploads\/2025\/11\/pnd3-300x225.jpg 300w, https:\/\/www.pencumndakaru.sn\/wp-content\/uploads\/2025\/11\/pnd3.jpg 635w\" sizes=\"(max-width: 300px) 100vw, 300px\" \/>N\u00e9e d\u2019un partenariat engag\u00e9 depuis 1985 avec l\u2019ONG internationale <strong data-start=\"444\" data-end=\"457\">ChildFund<\/strong>, la f\u00e9d\u00e9ration a vu\u00a0le jour en <strong data-start=\"489\" data-end=\"507\">septembre 2011<\/strong>, lorsque ces associations ont uni leurs forces pour renforcer leurs capacit\u00e9s et d\u00e9velopper des programmes durables centr\u00e9s sur <strong data-start=\"636\" data-end=\"648\">l\u2019enfant<\/strong> et le <strong data-start=\"655\" data-end=\"686\">d\u00e9veloppement communautaire<\/strong>.<\/p>\n<p data-start=\"689\" data-end=\"952\">Reconnue officiellement comme <strong data-start=\"719\" data-end=\"739\">ONG en juin 2022<\/strong> par le Minist\u00e8re de l\u2019Int\u00e9rieur du S\u00e9n\u00e9gal, Pencum Ndakaru \u0153uvre au quotidien pour am\u00e9liorer le bien-\u00eatre des personnes vuln\u00e9rables, en mettant l\u2019accent sur les <strong data-start=\"901\" data-end=\"912\">enfants<\/strong>, les <strong data-start=\"918\" data-end=\"928\">jeunes<\/strong> et les <strong data-start=\"936\" data-end=\"951\">communaut\u00e9s<\/strong>.<\/p>\n<p data-start=\"689\" data-end=\"952\"><img decoding=\"async\" class=\"alignnone size-medium wp-image-2248\" src=\"http:\/\/www.pencumndakaru.sn\/wp-content\/uploads\/2025\/11\/pNd2-300x185.jpg\" alt=\"\" width=\"300\" height=\"185\" srcset=\"https:\/\/www.pencumndakaru.sn\/wp-content\/uploads\/2025\/11\/pNd2-300x185.jpg 300w, https:\/\/www.pencumndakaru.sn\/wp-content\/uploads\/2025\/11\/pNd2.jpg 651w\" sizes=\"(max-width: 300px) 100vw, 300px\" \/><img decoding=\"async\" class=\"alignnone size-medium wp-image-2257\" src=\"http:\/\/www.pencumndakaru.sn\/wp-content\/uploads\/2025\/11\/pnd11-300x225.jpg\" alt=\"\" width=\"300\" height=\"225\" srcset=\"https:\/\/www.pencumndakaru.sn\/wp-content\/uploads\/2025\/11\/pnd11-300x225.jpg 300w, https:\/\/www.pencumndakaru.sn\/wp-content\/uploads\/2025\/11\/pnd11-1024x768.jpg 1024w, https:\/\/www.pencumndakaru.sn\/wp-content\/uploads\/2025\/11\/pnd11-768x576.jpg 768w, https:\/\/www.pencumndakaru.sn\/wp-content\/uploads\/2025\/11\/pnd11-640x480.jpg 640w, https:\/\/www.pencumndakaru.sn\/wp-content\/uploads\/2025\/11\/pnd11.jpg 1040w\" sizes=\"(max-width: 300px) 100vw, 300px\" \/><\/p>\n","protected":false},"excerpt":{"rendered":"<p>\u00c0 propos de la F\u00e9d\u00e9ration Pencum Ndakaru La F\u00e9d\u00e9ration Pencum Ndakaru est une organisation fa\u00eeti\u00e8re regroupant six associations communautaires implant\u00e9es dans les communes de Ouakam, Dalifort, Camb\u00e9r\u00e8ne, Gu\u00e9diawaye, Yoff et S\u00e9bikotane. N\u00e9e d\u2019un partenariat engag\u00e9 depuis 1985 avec l\u2019ONG internationale ChildFund, la f\u00e9d\u00e9ration a vu\u00a0le jour en septembre 2011, lorsque ces associations ont uni leurs [&hellip;]<\/p>\n","protected":false},"author":1,"featured_media":2261,"parent":0,"menu_order":0,"comment_status":"closed","ping_status":"closed","template":"","meta":{"footnotes":""},"class_list":["post-1034","page","type-page","status-publish","has-post-thumbnail","hentry"],"blocksy_meta":{"has_hero_section":"disabled","vertical_spacing_source":"custom","content_area_spacing":"none","styles_descriptor":{"styles":{"desktop":"","tablet":"","mobile":""},"google_fonts":[],"version":6}},"_links":{"self":[{"href":"https:\/\/www.pencumndakaru.sn\/index.php\/wp-json\/wp\/v2\/pages\/1034","targetHints":{"allow":["GET"]}}],"collection":[{"href":"https:\/\/www.pencumndakaru.sn\/index.php\/wp-json\/wp\/v2\/pages"}],"about":[{"href":"https:\/\/www.pencumndakaru.sn\/index.php\/wp-json\/wp\/v2\/types\/page"}],"author":[{"embeddable":true,"href":"https:\/\/www.pencumndakaru.sn\/index.php\/wp-json\/wp\/v2\/users\/1"}],"replies":[{"embeddable":true,"href":"https:\/\/www.pencumndakaru.sn\/index.php\/wp-json\/wp\/v2\/comments?post=1034"}],"version-history":[{"count":5,"href":"https:\/\/www.pencumndakaru.sn\/index.php\/wp-json\/wp\/v2\/pages\/1034\/revisions"}],"predecessor-version":[{"id":2264,"href":"https:\/\/www.pencumndakaru.sn\/index.php\/wp-json\/wp\/v2\/pages\/1034\/revisions\/2264"}],"wp:featuredmedia":[{"embeddable":true,"href":"https:\/\/www.pencumndakaru.sn\/index.php\/wp-json\/wp\/v2\/media\/2261"}],"wp:attachment":[{"href":"https:\/\/www.pencumndakaru.sn\/index.php\/wp-json\/wp\/v2\/media?parent=1034"}],"curies":[{"name":"wp","href":"https:\/\/api.w.org\/{rel}","templated":true}]}}