{"id":1482,"date":"2025-11-14T11:01:17","date_gmt":"2025-11-14T11:01:17","guid":{"rendered":"https:\/\/www.pencumndakaru.sn\/?page_id=1482"},"modified":"2025-12-01T10:52:20","modified_gmt":"2025-12-01T10:52:20","slug":"valeurs","status":"publish","type":"page","link":"https:\/\/www.pencumndakaru.sn\/index.php\/valeurs\/","title":{"rendered":"Faire un don"},"content":{"rendered":"\t\t<div data-elementor-type=\"wp-page\" data-elementor-id=\"1482\" class=\"elementor elementor-1482\">\n\t\t\t\t<div class=\"elementor-element elementor-element-ae8b785 e-flex e-con-boxed e-con e-parent\" data-id=\"ae8b785\" data-element_type=\"container\" data-e-type=\"container\">\n\t\t\t\t\t<div class=\"e-con-inner\">\n\t\t\t\t<div class=\"elementor-element elementor-element-3948af2 elementor-widget elementor-widget-text-editor\" data-id=\"3948af2\" data-element_type=\"widget\" data-e-type=\"widget\" data-widget_type=\"text-editor.default\">\n\t\t\t\t\t\t\t\t\t<p>Soutenez notre mission en faisant un don. Chaque contribution aide \u00e0 am\u00e9liorer la vie des enfants et des familles dans le besoin et \u00e0 construire un avenir meilleur.<\/p>\t\t\t\t\t\t\t\t<\/div>\n\t\t\t\t\t<\/div>\n\t\t\t\t<\/div>\n\t\t<div class=\"elementor-element elementor-element-aa8de48 e-flex e-con-boxed e-con e-parent\" data-id=\"aa8de48\" data-element_type=\"container\" data-e-type=\"container\">\n\t\t\t\t\t<div class=\"e-con-inner\">\n\t\t<div class=\"elementor-element elementor-element-037fa23 e-con-full e-flex e-con e-child\" data-id=\"037fa23\" data-element_type=\"container\" data-e-type=\"container\">\n\t\t\t\t<div class=\"elementor-element elementor-element-7800536 elementor-widget elementor-widget-image\" data-id=\"7800536\" data-element_type=\"widget\" data-e-type=\"widget\" data-widget_type=\"image.default\">\n\t\t\t\t\t\t\t\t\t\t\t\t<figure class=\"wp-caption\">\n\t\t\t\t\t\t\t\t\t\t\t<a href=\"#\">\n\t\t\t\t\t\t\t<img fetchpriority=\"high\" decoding=\"async\" width=\"300\" height=\"300\" src=\"https:\/\/www.pencumndakaru.sn\/wp-content\/uploads\/2025\/12\/wave-550x550-1-500x500-1-300x300.png\" class=\"attachment-medium size-medium wp-image-2378\" alt=\"\" srcset=\"https:\/\/www.pencumndakaru.sn\/wp-content\/uploads\/2025\/12\/wave-550x550-1-500x500-1-300x300.png 300w, https:\/\/www.pencumndakaru.sn\/wp-content\/uploads\/2025\/12\/wave-550x550-1-500x500-1-150x150.png 150w, https:\/\/www.pencumndakaru.sn\/wp-content\/uploads\/2025\/12\/wave-550x550-1-500x500-1-75x75.png 75w, https:\/\/www.pencumndakaru.sn\/wp-content\/uploads\/2025\/12\/wave-550x550-1-500x500-1.png 500w\" sizes=\"(max-width: 300px) 100vw, 300px\" \/>\t\t\t\t\t\t\t\t<\/a>\n\t\t\t\t\t\t\t\t\t\t\t<figcaption class=\"widget-image-caption wp-caption-text\">Faire un don avec wave<\/figcaption>\n\t\t\t\t\t\t\t\t\t\t<\/figure>\n\t\t\t\t\t\t\t\t\t<\/div>\n\t\t\t\t<\/div>\n\t\t<div class=\"elementor-element elementor-element-83ae485 e-con-full e-flex e-con e-child\" data-id=\"83ae485\" data-element_type=\"container\" data-e-type=\"container\">\n\t\t\t\t<div class=\"elementor-element elementor-element-87416de elementor-widget elementor-widget-image\" data-id=\"87416de\" data-element_type=\"widget\" data-e-type=\"widget\" data-widget_type=\"image.default\">\n\t\t\t\t\t\t\t\t\t\t\t\t<figure class=\"wp-caption\">\n\t\t\t\t\t\t\t\t\t\t\t<a href=\"#\">\n\t\t\t\t\t\t\t<img decoding=\"async\" width=\"300\" height=\"266\" src=\"https:\/\/www.pencumndakaru.sn\/wp-content\/uploads\/2025\/12\/Yas_logo_2024.svg-300x266.png\" class=\"attachment-medium size-medium wp-image-2379\" alt=\"\" srcset=\"https:\/\/www.pencumndakaru.sn\/wp-content\/uploads\/2025\/12\/Yas_logo_2024.svg-300x266.png 300w, https:\/\/www.pencumndakaru.sn\/wp-content\/uploads\/2025\/12\/Yas_logo_2024.svg-1024x908.png 1024w, https:\/\/www.pencumndakaru.sn\/wp-content\/uploads\/2025\/12\/Yas_logo_2024.svg-768x681.png 768w, https:\/\/www.pencumndakaru.sn\/wp-content\/uploads\/2025\/12\/Yas_logo_2024.svg.png 1200w\" sizes=\"(max-width: 300px) 100vw, 300px\" \/>\t\t\t\t\t\t\t\t<\/a>\n\t\t\t\t\t\t\t\t\t\t\t<figcaption class=\"widget-image-caption wp-caption-text\">Faire un don avec YAS<\/figcaption>\n\t\t\t\t\t\t\t\t\t\t<\/figure>\n\t\t\t\t\t\t\t\t\t<\/div>\n\t\t\t\t<\/div>\n\t\t<div class=\"elementor-element elementor-element-8c91701 e-con-full e-flex e-con e-child\" data-id=\"8c91701\" data-element_type=\"container\" data-e-type=\"container\">\n\t\t\t\t<div class=\"elementor-element elementor-element-c18f341 elementor-widget elementor-widget-image\" data-id=\"c18f341\" data-element_type=\"widget\" data-e-type=\"widget\" data-widget_type=\"image.default\">\n\t\t\t\t\t\t\t\t\t\t\t\t<figure class=\"wp-caption\">\n\t\t\t\t\t\t\t\t\t\t\t<a href=\"#\">\n\t\t\t\t\t\t\t<img decoding=\"async\" width=\"300\" height=\"247\" src=\"https:\/\/www.pencumndakaru.sn\/wp-content\/uploads\/2025\/12\/orange-money-300x247.jpg\" class=\"attachment-medium size-medium wp-image-2380\" alt=\"\" srcset=\"https:\/\/www.pencumndakaru.sn\/wp-content\/uploads\/2025\/12\/orange-money-300x247.jpg 300w, https:\/\/www.pencumndakaru.sn\/wp-content\/uploads\/2025\/12\/orange-money.jpg 450w\" sizes=\"(max-width: 300px) 100vw, 300px\" \/>\t\t\t\t\t\t\t\t<\/a>\n\t\t\t\t\t\t\t\t\t\t\t<figcaption class=\"widget-image-caption wp-caption-text\">Faire un don avec Orange Money<\/figcaption>\n\t\t\t\t\t\t\t\t\t\t<\/figure>\n\t\t\t\t\t\t\t\t\t<\/div>\n\t\t\t\t<\/div>\n\t\t<div class=\"elementor-element elementor-element-f699adf e-con-full e-flex e-con e-child\" data-id=\"f699adf\" data-element_type=\"container\" data-e-type=\"container\">\n\t\t\t\t<div class=\"elementor-element elementor-element-425c3df elementor-widget elementor-widget-image\" data-id=\"425c3df\" data-element_type=\"widget\" data-e-type=\"widget\" data-widget_type=\"image.default\">\n\t\t\t\t\t\t\t\t\t\t\t\t<figure class=\"wp-caption\">\n\t\t\t\t\t\t\t\t\t\t\t<a href=\"#\">\n\t\t\t\t\t\t\t<img loading=\"lazy\" decoding=\"async\" width=\"300\" height=\"151\" src=\"https:\/\/www.pencumndakaru.sn\/wp-content\/uploads\/2025\/12\/Linstitution-financiere-DJAMO-recrute-pour-ce-poste-02-Mars-2025-300x151.png\" class=\"attachment-medium size-medium wp-image-2381\" alt=\"\" srcset=\"https:\/\/www.pencumndakaru.sn\/wp-content\/uploads\/2025\/12\/Linstitution-financiere-DJAMO-recrute-pour-ce-poste-02-Mars-2025-300x151.png 300w, https:\/\/www.pencumndakaru.sn\/wp-content\/uploads\/2025\/12\/Linstitution-financiere-DJAMO-recrute-pour-ce-poste-02-Mars-2025-768x386.png 768w, https:\/\/www.pencumndakaru.sn\/wp-content\/uploads\/2025\/12\/Linstitution-financiere-DJAMO-recrute-pour-ce-poste-02-Mars-2025.png 800w\" sizes=\"(max-width: 300px) 100vw, 300px\" \/>\t\t\t\t\t\t\t\t<\/a>\n\t\t\t\t\t\t\t\t\t\t\t<figcaption class=\"widget-image-caption wp-caption-text\">Faire un don avec djamo<\/figcaption>\n\t\t\t\t\t\t\t\t\t\t<\/figure>\n\t\t\t\t\t\t\t\t\t<\/div>\n\t\t\t\t<\/div>\n\t\t\t\t\t<\/div>\n\t\t\t\t<\/div>\n\t\t<div class=\"elementor-element elementor-element-0637d9c e-flex e-con-boxed e-con e-parent\" data-id=\"0637d9c\" data-element_type=\"container\" data-e-type=\"container\" data-settings=\"{&quot;background_background&quot;:&quot;classic&quot;}\">\n\t\t\t\t\t<div class=\"e-con-inner\">\n\t\t<div class=\"elementor-element elementor-element-6a6287a e-con-full e-flex e-con e-child\" data-id=\"6a6287a\" data-element_type=\"container\" data-e-type=\"container\">\n\t\t\t\t<div class=\"elementor-element elementor-element-553ac8c elementor-widget elementor-widget-text-editor\" data-id=\"553ac8c\" data-element_type=\"widget\" data-e-type=\"widget\" data-widget_type=\"text-editor.default\">\n\t\t\t\t\t\t\t\t\t<p>Les valeurs de la f\u00e9d\u00e9ration \u00ab Pencum Ndakaru \u00bb donnent du sens aux orientations et actions qui se d\u00e9veloppent \u00e0 travers les programmes et projets.<\/p><p>Les orientations et les activit\u00e9s des programmes et projets de la f\u00e9d\u00e9ration \u00ab\u00a0Pencum Ndakaru\u00a0\u00bb, visant le bien-\u00eatre des enfants et de leurs familles, sont guid\u00e9es par le crit\u00e8re <strong>\u00ab\u00a0CREDIBILITES\u00a0\u00bb <\/strong>et se d\u00e9clinent par les valeurs suivantes\u00a0:<\/p><table width=\"640\"><tbody><tr><td width=\"187\"><p><strong>Valeurs<\/strong><\/p><\/td><td width=\"454\"><p><strong>Significations<\/strong><\/p><\/td><\/tr><tr><td width=\"187\"><p><strong>C<\/strong>ONFIDENTIALITE, <strong>C<\/strong>OHERENCE<\/p><\/td><td width=\"454\"><p><strong>C<\/strong>ONFIDENTIALITE\u00a0: Principe d\u2019\u00e9thique et de droit qui donne au b\u00e9n\u00e9ficiaire le privil\u00e8ge que l\u2019information le concernant soit gard\u00e9e dans le secret par son interlocuteur.<\/p><p>COHERENCE\u00a0: Rapport \u00e9troit d\u2019id\u00e9es qui s\u2019accordent entre elles\u00a0; absence de contradiction.<\/p><\/td><\/tr><tr><td width=\"187\"><p><strong>R<\/strong>ESPONSABILITE <strong>R<\/strong>EDEVABILITE<\/p><\/td><td width=\"454\"><p>Obligation faite \u00e0 une personne de devoir de r\u00e9pondre des actes qu\u2019elle pose. Les acteurs de la f\u00e9d\u00e9ration adoptent es normes et comportements \u00e9thiques dans les partenaires et une plus grande transparence dans le partage des informations.<\/p><\/td><\/tr><tr><td width=\"187\"><p><strong>E<\/strong>FFICACITE, <strong>E<\/strong>NGAGEMENT<\/p><\/td><td width=\"454\"><p>Capacit\u00e9 de produire le maximum de r\u00e9sultats malgr\u00e9 la faiblesse des moyens disponibles. La f\u00e9d\u00e9ration recommande la mutualisation des comp\u00e9tences (mettre en commun les comp\u00e9tences pour davantage r\u00e9duire les co\u00fbts et atteindre nos objectifs.<\/p><\/td><\/tr><tr><td width=\"187\"><p><strong>D<\/strong>ON DE SOI<\/p><\/td><td width=\"454\"><p>D\u00e9vouement ou sacrifice fournie pour une cause.<\/p><\/td><\/tr><tr><td width=\"187\"><p><strong>I<\/strong>NNOVATION<\/p><\/td><td width=\"454\"><p>Mise en \u0153uvre d\u2019id\u00e9es, de proc\u00e9d\u00e9s, de m\u00e9thodes, approches mod\u00e8les et pratiques meilleurs ou plus efficients. La f\u00e9d\u00e9ration promeut tout changement sou tendu par de la cr\u00e9ativit\u00e9 et un avantage comp\u00e9titif qui se traduit par une utilisation plus efficace des ressources.<\/p><\/td><\/tr><tr><td width=\"187\"><p><strong>B<\/strong>IENVEILLANCE<\/p><\/td><td width=\"454\"><p>Disposition affective d\u2019une volont\u00e9 d\u2019autrui, qui vise le bien et le bonheur d\u2019autrui.<\/p><\/td><\/tr><tr><td width=\"187\"><p><strong>I<\/strong>NTEGRITE<\/p><\/td><td width=\"454\"><p>Absence de mauvaise intention.<\/p><\/td><\/tr><tr><td width=\"187\"><p><strong>L<\/strong>EGALITE<\/p><\/td><td width=\"454\"><p>Caract\u00e8re d\u2019un acte ou d\u2019un fait qui conforme \u00e0 la loi. C\u2019est \u00e9galement un ensemble de r\u00e8gles juridiques applicables dans un pays donn\u00e9 dans un moment donn\u00e9.<\/p><\/td><\/tr><tr><td width=\"187\"><p><strong>I<\/strong>NCLUSION<\/p><\/td><td width=\"454\"><p>Proc\u00e9d\u00e9 consistant \u00e0 impliquer tous les acteurs dans un processus de mise en \u0153uvre du d\u00e9but \u00e0 la fin.<\/p><\/td><\/tr><tr><td width=\"187\"><p><strong>T<\/strong>RANSPARENCE<\/p><\/td><td width=\"454\"><p>Gestion et conduite sans ambig\u00fcit\u00e9 de programmes et projets.<\/p><\/td><\/tr><tr><td width=\"187\"><p><strong>E<\/strong>QUITE, EGALITTE<\/p><\/td><td width=\"454\"><p>Equit\u00e9\u00a0: Vertu consistant \u00e0 r\u00e9gler la conduite sur le sentiment naturel du juste et de l\u2019injuste.<\/p><p>Egalit\u00e9\u00a0: M\u00eame traitement\u00a0; traitement \u00e9gal.<\/p><\/td><\/tr><tr><td width=\"187\"><p><strong>S<\/strong>OLIDARITE<\/p><\/td><td width=\"454\"><p>Relation entre personnes entrainant une obligation morale d\u2019entraide mutuelle.<\/p><\/td><\/tr><\/tbody><\/table>\t\t\t\t\t\t\t\t<\/div>\n\t\t\t\t<\/div>\n\t\t\t\t\t<\/div>\n\t\t\t\t<\/div>\n\t\t\t\t<\/div>\n\t\t","protected":false},"excerpt":{"rendered":"<p>Soutenez notre mission en faisant un don. Chaque contribution aide \u00e0 am\u00e9liorer la vie des enfants et des familles dans le besoin et \u00e0 construire un avenir meilleur. Faire un don avec wave Faire un don avec YAS Faire un don avec Orange Money Faire un don avec djamo Les valeurs de la f\u00e9d\u00e9ration \u00ab [&hellip;]<\/p>\n","protected":false},"author":1,"featured_media":0,"parent":0,"menu_order":0,"comment_status":"closed","ping_status":"closed","template":"","meta":{"footnotes":""},"class_list":["post-1482","page","type-page","status-publish","hentry"],"blocksy_meta":[],"_links":{"self":[{"href":"https:\/\/www.pencumndakaru.sn\/index.php\/wp-json\/wp\/v2\/pages\/1482","targetHints":{"allow":["GET"]}}],"collection":[{"href":"https:\/\/www.pencumndakaru.sn\/index.php\/wp-json\/wp\/v2\/pages"}],"about":[{"href":"https:\/\/www.pencumndakaru.sn\/index.php\/wp-json\/wp\/v2\/types\/page"}],"author":[{"embeddable":true,"href":"https:\/\/www.pencumndakaru.sn\/index.php\/wp-json\/wp\/v2\/users\/1"}],"replies":[{"embeddable":true,"href":"https:\/\/www.pencumndakaru.sn\/index.php\/wp-json\/wp\/v2\/comments?post=1482"}],"version-history":[{"count":23,"href":"https:\/\/www.pencumndakaru.sn\/index.php\/wp-json\/wp\/v2\/pages\/1482\/revisions"}],"predecessor-version":[{"id":2397,"href":"https:\/\/www.pencumndakaru.sn\/index.php\/wp-json\/wp\/v2\/pages\/1482\/revisions\/2397"}],"wp:attachment":[{"href":"https:\/\/www.pencumndakaru.sn\/index.php\/wp-json\/wp\/v2\/media?parent=1482"}],"curies":[{"name":"wp","href":"https:\/\/api.w.org\/{rel}","templated":true}]}}