{"id":1487,"date":"2025-11-14T11:11:17","date_gmt":"2025-11-14T11:11:17","guid":{"rendered":"https:\/\/www.pencumndakaru.sn\/?page_id=1487"},"modified":"2025-11-27T23:09:53","modified_gmt":"2025-11-27T23:09:53","slug":"nos-objectifs","status":"publish","type":"page","link":"https:\/\/www.pencumndakaru.sn\/index.php\/nos-objectifs\/","title":{"rendered":"Nos objectifs"},"content":{"rendered":"<p data-start=\"1497\" data-end=\"1646\">Gr\u00e2ce \u00e0 des conventions de partenariat solides avec <strong data-start=\"1549\" data-end=\"1562\">ChildFund<\/strong>, la f\u00e9d\u00e9ration met en \u0153uvre des programmes qui ciblent trois r\u00e9sultats essentiels :<img fetchpriority=\"high\" decoding=\"async\" class=\"size-medium wp-image-1866 alignright\" src=\"http:\/\/www.pencumndakaru.sn\/wp-content\/uploads\/2024\/02\/480951578_1599185007629458_8897855516072130257_n-300x225.jpg\" alt=\"\" width=\"300\" height=\"225\" srcset=\"https:\/\/www.pencumndakaru.sn\/wp-content\/uploads\/2024\/02\/480951578_1599185007629458_8897855516072130257_n-300x225.jpg 300w, https:\/\/www.pencumndakaru.sn\/wp-content\/uploads\/2024\/02\/480951578_1599185007629458_8897855516072130257_n-1024x768.jpg 1024w, https:\/\/www.pencumndakaru.sn\/wp-content\/uploads\/2024\/02\/480951578_1599185007629458_8897855516072130257_n-768x576.jpg 768w, https:\/\/www.pencumndakaru.sn\/wp-content\/uploads\/2024\/02\/480951578_1599185007629458_8897855516072130257_n-640x480.jpg 640w, https:\/\/www.pencumndakaru.sn\/wp-content\/uploads\/2024\/02\/480951578_1599185007629458_8897855516072130257_n.jpg 1280w\" sizes=\"(max-width: 300px) 100vw, 300px\" \/><\/p>\n<h3 data-start=\"1648\" data-end=\"1697\"><strong data-start=\"1652\" data-end=\"1695\">Des tout-petits sains et en s\u00e9curit\u00e9<\/strong><\/h3>\n<p data-start=\"1698\" data-end=\"1796\">Actions en sant\u00e9, nutrition, protection, stimulation pr\u00e9coce et s\u00e9curit\u00e9 des enfants de 0 \u00e0 5 ans.<\/p>\n<p data-start=\"1698\" data-end=\"1796\"><strong data-start=\"1802\" data-end=\"1841\">\u00a0Des enfants \u00e9duqu\u00e9s et confiants<\/strong><\/p>\n<p data-start=\"1844\" data-end=\"1949\">Renforcement de l\u2019acc\u00e8s \u00e0 l\u2019\u00e9ducation, am\u00e9lioration du bien-\u00eatre psychosocial et accompagnement scolaire.<\/p>\n<h3 data-start=\"1951\" data-end=\"1997\"><strong data-start=\"1955\" data-end=\"1995\">Des jeunes qualifi\u00e9s et impliqu\u00e9s<\/strong><\/h3>\n<p data-start=\"1998\" data-end=\"2115\">Initiatives d\u2019autonomisation des jeunes, formation professionnelle, insertion socio-\u00e9conomique et engagement citoyen.<\/p>\n<hr data-start=\"2117\" data-end=\"2120\" \/>\n<p data-start=\"2407\" data-end=\"2557\">\n","protected":false},"excerpt":{"rendered":"<p>Gr\u00e2ce \u00e0 des conventions de partenariat solides avec ChildFund, la f\u00e9d\u00e9ration met en \u0153uvre des programmes qui ciblent trois r\u00e9sultats essentiels : Des tout-petits sains et en s\u00e9curit\u00e9 Actions en sant\u00e9, nutrition, protection, stimulation pr\u00e9coce et s\u00e9curit\u00e9 des enfants de 0 \u00e0 5 ans. \u00a0Des enfants \u00e9duqu\u00e9s et confiants Renforcement de l\u2019acc\u00e8s \u00e0 l\u2019\u00e9ducation, am\u00e9lioration [&hellip;]<\/p>\n","protected":false},"author":1,"featured_media":0,"parent":0,"menu_order":0,"comment_status":"closed","ping_status":"closed","template":"","meta":{"footnotes":""},"class_list":["post-1487","page","type-page","status-publish","hentry"],"blocksy_meta":[],"_links":{"self":[{"href":"https:\/\/www.pencumndakaru.sn\/index.php\/wp-json\/wp\/v2\/pages\/1487","targetHints":{"allow":["GET"]}}],"collection":[{"href":"https:\/\/www.pencumndakaru.sn\/index.php\/wp-json\/wp\/v2\/pages"}],"about":[{"href":"https:\/\/www.pencumndakaru.sn\/index.php\/wp-json\/wp\/v2\/types\/page"}],"author":[{"embeddable":true,"href":"https:\/\/www.pencumndakaru.sn\/index.php\/wp-json\/wp\/v2\/users\/1"}],"replies":[{"embeddable":true,"href":"https:\/\/www.pencumndakaru.sn\/index.php\/wp-json\/wp\/v2\/comments?post=1487"}],"version-history":[{"count":3,"href":"https:\/\/www.pencumndakaru.sn\/index.php\/wp-json\/wp\/v2\/pages\/1487\/revisions"}],"predecessor-version":[{"id":2335,"href":"https:\/\/www.pencumndakaru.sn\/index.php\/wp-json\/wp\/v2\/pages\/1487\/revisions\/2335"}],"wp:attachment":[{"href":"https:\/\/www.pencumndakaru.sn\/index.php\/wp-json\/wp\/v2\/media?parent=1487"}],"curies":[{"name":"wp","href":"https:\/\/api.w.org\/{rel}","templated":true}]}}