{"id":1489,"date":"2025-11-14T11:12:00","date_gmt":"2025-11-14T11:12:00","guid":{"rendered":"https:\/\/www.pencumndakaru.sn\/?page_id=1489"},"modified":"2025-12-12T10:39:03","modified_gmt":"2025-12-12T10:39:03","slug":"nos-interventions","status":"publish","type":"page","link":"https:\/\/www.pencumndakaru.sn\/index.php\/nos-interventions\/","title":{"rendered":"Nos interventions"},"content":{"rendered":"\t\t<div data-elementor-type=\"wp-page\" data-elementor-id=\"1489\" class=\"elementor elementor-1489\">\n\t\t\t\t<div class=\"elementor-element elementor-element-51b7dad e-flex e-con-boxed e-con e-parent\" data-id=\"51b7dad\" data-element_type=\"container\" data-e-type=\"container\">\n\t\t\t\t\t<div class=\"e-con-inner\">\n\t\t<div class=\"elementor-element elementor-element-fd4f8b8 e-con-full e-flex e-con e-child\" data-id=\"fd4f8b8\" data-element_type=\"container\" data-e-type=\"container\">\n\t\t\t\t<div class=\"elementor-element elementor-element-bfbddd6 elementor-widget elementor-widget-heading\" data-id=\"bfbddd6\" data-element_type=\"widget\" data-e-type=\"widget\" data-widget_type=\"heading.default\">\n\t\t\t\t\t<h2 class=\"elementor-heading-title elementor-size-default\">Nous intervenons dans les quatre (4) d\u00e9partements de la r\u00e9gion de Dakar que sont\u00a0<\/h2>\t\t\t\t<\/div>\n\t\t\t\t<\/div>\n\t\t<div class=\"elementor-element elementor-element-cb705cc e-con-full e-flex e-con e-child\" data-id=\"cb705cc\" data-element_type=\"container\" data-e-type=\"container\">\n\t\t\t\t<div class=\"elementor-element elementor-element-520174d elementor-widget elementor-widget-image\" data-id=\"520174d\" data-element_type=\"widget\" data-e-type=\"widget\" data-widget_type=\"image.default\">\n\t\t\t\t\t\t\t\t\t\t\t\t\t\t\t<img fetchpriority=\"high\" decoding=\"async\" width=\"1024\" height=\"768\" src=\"https:\/\/www.pencumndakaru.sn\/wp-content\/uploads\/2025\/11\/480450011_976914251202283_5779504155702136180_n.jpg\" class=\"attachment-large size-large wp-image-1688\" alt=\"\" \/>\t\t\t\t\t\t\t\t\t\t\t\t\t\t\t<\/div>\n\t\t\t\t<\/div>\n\t\t<div class=\"elementor-element elementor-element-7f30029 e-con-full e-flex e-con e-child\" data-id=\"7f30029\" data-element_type=\"container\" data-e-type=\"container\">\n\t\t\t\t<div class=\"elementor-element elementor-element-5474985 elementor-widget elementor-widget-image\" data-id=\"5474985\" data-element_type=\"widget\" data-e-type=\"widget\" data-widget_type=\"image.default\">\n\t\t\t\t\t\t\t\t\t\t\t\t\t\t\t<img decoding=\"async\" width=\"1024\" height=\"577\" src=\"https:\/\/www.pencumndakaru.sn\/wp-content\/uploads\/2025\/11\/482000578_986665063560535_8737018733673908957_n-1024x577.jpg\" class=\"attachment-large size-large wp-image-1589\" alt=\"\" srcset=\"https:\/\/www.pencumndakaru.sn\/wp-content\/uploads\/2025\/11\/482000578_986665063560535_8737018733673908957_n-1024x577.jpg 1024w, https:\/\/www.pencumndakaru.sn\/wp-content\/uploads\/2025\/11\/482000578_986665063560535_8737018733673908957_n-300x169.jpg 300w, https:\/\/www.pencumndakaru.sn\/wp-content\/uploads\/2025\/11\/482000578_986665063560535_8737018733673908957_n-768x432.jpg 768w, https:\/\/www.pencumndakaru.sn\/wp-content\/uploads\/2025\/11\/482000578_986665063560535_8737018733673908957_n-1536x865.jpg 1536w, https:\/\/www.pencumndakaru.sn\/wp-content\/uploads\/2025\/11\/482000578_986665063560535_8737018733673908957_n.jpg 1792w\" sizes=\"(max-width: 1024px) 100vw, 1024px\" \/>\t\t\t\t\t\t\t\t\t\t\t\t\t\t\t<\/div>\n\t\t\t\t<\/div>\n\t\t<div class=\"elementor-element elementor-element-65f689a e-con-full e-flex e-con e-child\" data-id=\"65f689a\" data-element_type=\"container\" data-e-type=\"container\">\n\t\t\t\t<div class=\"elementor-element elementor-element-6f91d23 elementor-widget elementor-widget-text-editor\" data-id=\"6f91d23\" data-element_type=\"widget\" data-e-type=\"widget\" data-widget_type=\"text-editor.default\">\n\t\t\t\t\t\t\t\t\t<ul><li><strong>D\u00e9partement de Dakar : <\/strong>au niveau des communes de de Camb\u00e9r\u00e9ne, Ouakam et Yoff,<\/li><li><strong>D\u00e9partement de Pikine :<\/strong> \u00a0Commune de Dalifort, Jiddah Thiaroye Kao ,<\/li><li><strong>D\u00e9partement de Gu\u00e9diawaye<\/strong> : au niveau des communes de Golf Sud, M\u00e9dina Gounass, Ndiar\u00e8me Limamoulaye, Sam Notaire et Wakhinane-Nimzatt),<\/li><li><strong>D\u00e9partement de Rufisque :<\/strong> (commune de S\u00e9bikhotane)<\/li><\/ul><p>Appui au financement des jeunes pour la mise en \u0153uvre de leur plan d\u2019action<\/p>\t\t\t\t\t\t\t\t<\/div>\n\t\t\t\t<\/div>\n\t\t<div class=\"elementor-element elementor-element-509d069 e-con-full e-flex e-con e-child\" data-id=\"509d069\" data-element_type=\"container\" data-e-type=\"container\">\n\t\t\t\t<div class=\"elementor-element elementor-element-e976cea elementor-widget elementor-widget-google_maps\" data-id=\"e976cea\" data-element_type=\"widget\" data-e-type=\"widget\" data-widget_type=\"google_maps.default\">\n\t\t\t\t\t\t\t<div class=\"elementor-custom-embed\">\n\t\t\t<iframe loading=\"lazy\"\n\t\t\t\t\tsrc=\"https:\/\/maps.google.com\/maps?q=Dakar%20Yoff%2C%20cit%C3%A9%20APECSY%201%20%2C%20villa%20N%20147&#038;t=m&#038;z=10&#038;output=embed&#038;iwloc=near\"\n\t\t\t\t\ttitle=\"Dakar Yoff, cit\u00e9 APECSY 1 , villa N 147\"\n\t\t\t\t\taria-label=\"Dakar Yoff, cit\u00e9 APECSY 1 , villa N 147\"\n\t\t\t><\/iframe>\n\t\t<\/div>\n\t\t\t\t\t\t<\/div>\n\t\t\t\t<div class=\"elementor-element elementor-element-dd44f00 elementor-widget elementor-widget-text-editor\" data-id=\"dd44f00\" data-element_type=\"widget\" data-e-type=\"widget\" data-widget_type=\"text-editor.default\">\n\t\t\t\t\t\t\t\t\t<p><strong><u>Les\u00a0 interventions cl\u00e9s<\/u><\/strong><\/p><ul><li>Appui en kits alimentaires \u00e0 750 familles pour renforcer la r\u00e9silience des m\u00e9nages durant la rentr\u00e9e des classes, les f\u00eates de tabaski, de korit\u00e9 etc.<\/li><li>Appui en denr\u00e9es alimentaires au centre de premier accueil (CPA)de Dakar<\/li><li>Accompagnement de plus de 540 AVEC (plus de 12 000 membres) dans des activit\u00e9s de d\u00e9veloppement d\u2019\u00e9pargne, de cr\u00e9dit et d\u2019AGR.<\/li><li>Appui \u00e0 la mise en place de coop\u00e9ratives communautaires de consommation pour la dotation des familles en kits alimentaires<\/li><li>Appui \u00e0 des familles vuln\u00e9rables pour la prise en charge des frais de scolarit\u00e9 et m\u00e9dicaux<\/li><li>Appui \u00e0 la mise en place de cadres communautaires de protection de l\u2019enfant (CCPE, CZPE, CQPE)<\/li><li>Formation des acteurs communautaires sur la protection de l\u2019enfants (\u00e9l\u00e8ves, adolescents et jeunes, bajanu Gokh, relais communautaires, gardiennes d\u2019enfants\u2026)<\/li><li>C\u00e9l\u00e9bration des journ\u00e9es d\u00e9di\u00e9es \u00e0 la protection de l\u2019enfant\u00a0: CDE, journ\u00e9e du talib\u00e9, Journ\u00e9e de l\u2019Enfant Africain<\/li><li>Appui \u00e0 la prise en charge de cours de soutien pour les \u00e9l\u00e8ves des classes de CM2 qui ont des difficult\u00e9s en math\u00e9matiques et en fran\u00e7ais<\/li><li>Dotation des SDIPE, \u00e9coles \u00e9l\u00e9mentaires en lyc\u00e9es, coll\u00e8ges et CFP en kits d\u2019hygi\u00e8ne et en serviettes hygi\u00e9niques<\/li><li>Construction et r\u00e9habilitation de SDIPE<\/li><li>Construction et r\u00e9habilitation de toilettes sensibles \u00e0 la gestion de l\u2019hygi\u00e8ne menstruelle en milieu scolaire<\/li><li>Appui \u00e0 la mise en place de r\u00e9seaux communaux des adolescents et des jeunes pour le plaidoyer<\/li><li>Formation des jeunes sur le civisme et la citoyennet\u00e9<\/li><\/ul>\t\t\t\t\t\t\t\t<\/div>\n\t\t\t\t<\/div>\n\t\t\t\t\t<\/div>\n\t\t\t\t<\/div>\n\t\t<div class=\"elementor-element elementor-element-acca57d e-grid e-con-boxed e-con e-parent\" data-id=\"acca57d\" data-element_type=\"container\" data-e-type=\"container\">\n\t\t\t\t\t<div class=\"e-con-inner\">\n\t\t\t\t<div class=\"elementor-element elementor-element-0311b02 elementor-widget elementor-widget-wp-widget-wpforms-widget\" data-id=\"0311b02\" data-element_type=\"widget\" data-e-type=\"widget\" data-widget_type=\"wp-widget-wpforms-widget.default\">\n\t\t\t\t<div class=\"elementor-widget-container\">\n\t\t\t\t\t<h5>Nous contacter<\/h5>\t\t\t\t<\/div>\n\t\t\t\t<\/div>\n\t\t\t\t\t<\/div>\n\t\t\t\t<\/div>\n\t\t\t\t<\/div>\n\t\t","protected":false},"excerpt":{"rendered":"<p>Nous intervenons dans les quatre (4) d\u00e9partements de la r\u00e9gion de Dakar que sont\u00a0 D\u00e9partement de Dakar : au niveau des communes de de Camb\u00e9r\u00e9ne, Ouakam et Yoff, D\u00e9partement de Pikine : \u00a0Commune de Dalifort, Jiddah Thiaroye Kao , D\u00e9partement de Gu\u00e9diawaye : au niveau des communes de Golf Sud, M\u00e9dina Gounass, Ndiar\u00e8me Limamoulaye, Sam [&hellip;]<\/p>\n","protected":false},"author":1,"featured_media":0,"parent":0,"menu_order":0,"comment_status":"closed","ping_status":"closed","template":"","meta":{"footnotes":""},"class_list":["post-1489","page","type-page","status-publish","hentry"],"blocksy_meta":[],"_links":{"self":[{"href":"https:\/\/www.pencumndakaru.sn\/index.php\/wp-json\/wp\/v2\/pages\/1489","targetHints":{"allow":["GET"]}}],"collection":[{"href":"https:\/\/www.pencumndakaru.sn\/index.php\/wp-json\/wp\/v2\/pages"}],"about":[{"href":"https:\/\/www.pencumndakaru.sn\/index.php\/wp-json\/wp\/v2\/types\/page"}],"author":[{"embeddable":true,"href":"https:\/\/www.pencumndakaru.sn\/index.php\/wp-json\/wp\/v2\/users\/1"}],"replies":[{"embeddable":true,"href":"https:\/\/www.pencumndakaru.sn\/index.php\/wp-json\/wp\/v2\/comments?post=1489"}],"version-history":[{"count":13,"href":"https:\/\/www.pencumndakaru.sn\/index.php\/wp-json\/wp\/v2\/pages\/1489\/revisions"}],"predecessor-version":[{"id":2524,"href":"https:\/\/www.pencumndakaru.sn\/index.php\/wp-json\/wp\/v2\/pages\/1489\/revisions\/2524"}],"wp:attachment":[{"href":"https:\/\/www.pencumndakaru.sn\/index.php\/wp-json\/wp\/v2\/media?parent=1489"}],"curies":[{"name":"wp","href":"https:\/\/api.w.org\/{rel}","templated":true}]}}