{"id":1493,"date":"2025-11-14T11:13:45","date_gmt":"2025-11-14T11:13:45","guid":{"rendered":"https:\/\/www.pencumndakaru.sn\/?page_id=1493"},"modified":"2025-11-27T22:45:29","modified_gmt":"2025-11-27T22:45:29","slug":"nos-appuis","status":"publish","type":"page","link":"https:\/\/www.pencumndakaru.sn\/index.php\/nos-appuis\/","title":{"rendered":"Projets"},"content":{"rendered":"\t\t<div data-elementor-type=\"wp-page\" data-elementor-id=\"1493\" class=\"elementor elementor-1493\">\n\t\t\t\t<div class=\"elementor-element elementor-element-f76e447 e-flex e-con-boxed e-con e-parent\" data-id=\"f76e447\" data-element_type=\"container\" data-e-type=\"container\">\n\t\t\t\t\t<div class=\"e-con-inner\">\n\t\t<div class=\"elementor-element elementor-element-6f3f1ed e-con-full e-flex e-con e-child\" data-id=\"6f3f1ed\" data-element_type=\"container\" data-e-type=\"container\">\n\t\t\t\t<div class=\"elementor-element elementor-element-70b1a1f elementor-widget elementor-widget-fswp-text-unfold\" data-id=\"70b1a1f\" data-element_type=\"widget\" data-e-type=\"widget\" data-widget_type=\"fswp-text-unfold.default\">\n\t\t\t\t<div class=\"elementor-widget-container\">\n\t\t\t\t\t        <div class=\"fswp-elt--read-more-main-wrapper\">\n                    <div class=\"fswp-elt--read-more-image-wrapper\">\n            <img decoding=\"async\" src=\"http:\/\/www.pencumndakaru.sn\/wp-content\/uploads\/2025\/11\/seancede-pesee-Ouakam.jpg\" \/>\n\n        <\/div><!--read-more-image-wrapper-->\n            <div class=\"fswp-elt--read-more-title-wrapper\">\n            <h3 class=\"fswp-elt--read-more-title\">S\u00e9ance de pes\u00e9e \u00e0 Ouakam<\/h3>        <\/div><!--read-more-title-wrapper-->\n            <div class=\"fswp-elt--read-more-content-wrapper\">\n                            <div class=\"fswp-elt--read-more-content\">\n                    <p>Dans le cadre des efforts visant \u00e0 am\u00e9liorer durablement les conditions d\u2019apprentissage des jeunes enfants, des actions \u00e9t\u00e9 men\u00e9es au cours de ce trimestre Q4 concernant la r\u00e9habilitation et l\u2019am\u00e9nagement de la Classe Pr\u00e9paratoire \u00e0 l\u2019\u00c9l\u00e9mentaire (CPE) de Y\u00e9ba, situ\u00e9e dans la commune de S\u00e9bikotane. Trois principales activit\u00e9s ont \u00e9t\u00e9 men\u00e9es :<\/p><ul><li>Visite du site et passation du march\u00e9\u00a0;<\/li><li>L\u2019installation officielle du comit\u00e9 de suivi des travaux ;<\/li><\/ul><p>Une visite technique d\u2019\u00e9valuation de l\u2019\u00e9tat d\u2019avancement du chantie<\/p>                <\/div>\n                                    <a class=\"fswp-elt--read-more more hide-icon\"\n                        data-height=\"117\"\n                        data-more=\"Lire la suite\"\n                        data-less=\"Lire moins\">\n                        <span class=\"fswp-elt--read-more-text\">\n                            Lire la suite                        <\/span>\n                                                                    <\/a>\n                    <\/div><!--read-more-content-wrapper-->\n        <\/div>\n    \t\t\t\t<\/div>\n\t\t\t\t<\/div>\n\t\t\t\t<\/div>\n\t\t<div class=\"elementor-element elementor-element-e4513ee e-con-full e-flex e-con e-child\" data-id=\"e4513ee\" data-element_type=\"container\" data-e-type=\"container\">\n\t\t\t\t<div class=\"elementor-element elementor-element-940b1c5 elementor-widget elementor-widget-fswp-text-unfold\" data-id=\"940b1c5\" data-element_type=\"widget\" data-e-type=\"widget\" data-widget_type=\"fswp-text-unfold.default\">\n\t\t\t\t<div class=\"elementor-widget-container\">\n\t\t\t\t\t        <div class=\"fswp-elt--read-more-main-wrapper\">\n                    <div class=\"fswp-elt--read-more-image-wrapper\">\n            <img decoding=\"async\" src=\"http:\/\/www.pencumndakaru.sn\/wp-content\/uploads\/2025\/11\/remise-materiel-jeu-d.jpg\" \/>\n\n        <\/div><!--read-more-image-wrapper-->\n            <div class=\"fswp-elt--read-more-title-wrapper\">\n            <h3 class=\"fswp-elt--read-more-title\">Remise de mat\u00e9riels <\/h3>        <\/div><!--read-more-title-wrapper-->\n            <div class=\"fswp-elt--read-more-content-wrapper\">\n                            <div class=\"fswp-elt--read-more-content\">\n                    <p>Remise de mat\u00e9riels groupe de jeu et activit\u00e9 des enfants dans le groupe de jeu<\/p>                <\/div>\n                                    <a class=\"fswp-elt--read-more more hide-icon\"\n                        data-height=\"100\"\n                        data-more=\"Lire La suite\"\n                        data-less=\"Lire moins\">\n                        <span class=\"fswp-elt--read-more-text\">\n                            Lire La suite                        <\/span>\n                                                                    <\/a>\n                    <\/div><!--read-more-content-wrapper-->\n        <\/div>\n    \t\t\t\t<\/div>\n\t\t\t\t<\/div>\n\t\t\t\t<\/div>\n\t\t<div class=\"elementor-element elementor-element-4937046 e-con-full e-flex e-con e-child\" data-id=\"4937046\" data-element_type=\"container\" data-e-type=\"container\">\n\t\t\t\t<div class=\"elementor-element elementor-element-c18b875 elementor-widget elementor-widget-fswp-text-unfold\" data-id=\"c18b875\" data-element_type=\"widget\" data-e-type=\"widget\" data-widget_type=\"fswp-text-unfold.default\">\n\t\t\t\t<div class=\"elementor-widget-container\">\n\t\t\t\t\t        <div class=\"fswp-elt--read-more-main-wrapper\">\n                    <div class=\"fswp-elt--read-more-image-wrapper\">\n            <img decoding=\"async\" src=\"http:\/\/www.pencumndakaru.sn\/wp-content\/uploads\/2025\/11\/travaux-CPA.jpg\" \/>\n\n        <\/div><!--read-more-image-wrapper-->\n            <div class=\"fswp-elt--read-more-title-wrapper\">\n            <h3 class=\"fswp-elt--read-more-title\">Travaux en cours au CPE de Y\u00e9ba<\/h3>        <\/div><!--read-more-title-wrapper-->\n            <div class=\"fswp-elt--read-more-content-wrapper\">\n                            <div class=\"fswp-elt--read-more-content\">\n                    <p>Le 25 juin 2025, une visite de terrain a \u00e9t\u00e9 effectu\u00e9e par le Mobcom sur le site de l\u2019\u00e9cole \u00e9l\u00e9mentaire abritant la CPE de Y\u00e9ba. Cette mission a permis de faire le point sur l\u2019\u00e9tat d\u2019avancement des travaux, en pr\u00e9sence de l\u2019entrepreneur et des ouvriers.<\/p><p><strong>\u00c9l\u00e9ments constat\u00e9s :<\/strong><\/p><ul><li>Les deux salles de classe ont \u00e9t\u00e9 enti\u00e8rement carrel\u00e9es ; les fa\u00e7ades et les portes ont \u00e9t\u00e9 repeintes. Seule une partie de la d\u00e9coration int\u00e9rieure reste \u00e0 finaliser.<\/li><li>L\u2019\u00e9lectricit\u00e9 a \u00e9t\u00e9 install\u00e9e et est fonctionnelle.<\/li><li>L\u2019eau courante est disponible via un robinet en service.<\/li><li>Les travaux de plomberie sont en cours.<\/li><li>Le mur de cl\u00f4ture est \u00e0 mi-hauteur, les poteaux sont pos\u00e9s et les grillages doivent encore \u00eatre fix\u00e9s.<\/li><li>La construction des toilettes (deux boxes) est entam\u00e9e, mais les \u00e9quipements sanitaires (chaises anglaises, lavabos) ne sont pas encore install\u00e9s.<\/li><\/ul><p>L\u2019entrepreneur a assur\u00e9 que tous les travaux de ma\u00e7onnerie seront achev\u00e9s avant la fin juin 2025, conform\u00e9ment au cahier des charges initiales.<\/p><p>Ces diff\u00e9rentes \u00e9tapes marquent une avanc\u00e9e significative dans la r\u00e9habilitation de la CPE, en ligne avec les objectifs d\u2019am\u00e9lioration de l\u2019offre d\u2019accueil de qualit\u00e9 et de l\u2019environnement scolaire pour les tout-petits.<\/p>                <\/div>\n                                    <a class=\"fswp-elt--read-more more hide-icon\"\n                        data-height=\"100\"\n                        data-more=\"Lire la suite\"\n                        data-less=\"Lire moins\">\n                        <span class=\"fswp-elt--read-more-text\">\n                            Lire la suite                        <\/span>\n                                                                    <\/a>\n                    <\/div><!--read-more-content-wrapper-->\n        <\/div>\n    \t\t\t\t<\/div>\n\t\t\t\t<\/div>\n\t\t\t\t<\/div>\n\t\t\t\t\t<\/div>\n\t\t\t\t<\/div>\n\t\t<div class=\"elementor-element elementor-element-812d3d8 e-flex e-con-boxed e-con e-parent\" data-id=\"812d3d8\" data-element_type=\"container\" data-e-type=\"container\">\n\t\t\t\t\t<div class=\"e-con-inner\">\n\t\t<div class=\"elementor-element elementor-element-6ce8b7a e-con-full e-flex e-con e-child\" data-id=\"6ce8b7a\" data-element_type=\"container\" data-e-type=\"container\">\n\t\t\t\t<div class=\"elementor-element elementor-element-cbcb70e elementor-widget elementor-widget-video\" data-id=\"cbcb70e\" data-element_type=\"widget\" data-e-type=\"widget\" data-settings=\"{&quot;youtube_url&quot;:&quot;https:\\\/\\\/www.youtube.com\\\/watch?v=Y-n-zxyKl4c&quot;,&quot;video_type&quot;:&quot;youtube&quot;,&quot;controls&quot;:&quot;yes&quot;}\" data-widget_type=\"video.default\">\n\t\t\t\t\t\t\t<div class=\"elementor-wrapper elementor-open-inline\">\n\t\t\t<div class=\"elementor-video\"><\/div>\t\t<\/div>\n\t\t\t\t\t\t<\/div>\n\t\t\t\t<div class=\"elementor-element elementor-element-01a9ae9 elementor-widget elementor-widget-video\" data-id=\"01a9ae9\" data-element_type=\"widget\" data-e-type=\"widget\" data-settings=\"{&quot;youtube_url&quot;:&quot;https:\\\/\\\/www.youtube.com\\\/watch?v=EIZXcW0Ub9Y&quot;,&quot;cc_load_policy&quot;:&quot;yes&quot;,&quot;video_type&quot;:&quot;youtube&quot;,&quot;controls&quot;:&quot;yes&quot;}\" data-widget_type=\"video.default\">\n\t\t\t\t\t\t\t<div class=\"elementor-wrapper elementor-open-inline\">\n\t\t\t<div class=\"elementor-video\"><\/div>\t\t<\/div>\n\t\t\t\t\t\t<\/div>\n\t\t\t\t<\/div>\n\t\t<div class=\"elementor-element elementor-element-b5b7a2b e-con-full e-flex e-con e-child\" data-id=\"b5b7a2b\" data-element_type=\"container\" data-e-type=\"container\">\n\t\t<div class=\"elementor-element elementor-element-231efbf e-con-full e-flex e-con e-child\" data-id=\"231efbf\" data-element_type=\"container\" data-e-type=\"container\">\n\t\t\t\t<div class=\"elementor-element elementor-element-d3eb3fe elementor-widget elementor-widget-text-editor\" data-id=\"d3eb3fe\" data-element_type=\"widget\" data-e-type=\"widget\" data-widget_type=\"text-editor.default\">\n\t\t\t\t\t\t\t\t\t<p style=\"text-align: justify;\">L\u2019ONG F\u00e9d\u00e9ration Pencum Ndakaru met en \u0153uvre le Programme de Renforcement \u00c9conomique des M\u00e9nages dont l\u2019objectif est de r\u00e9duire la proportion des enfants de 0-24 ans vivant dans des m\u00e9nages \u00e9conomiquement non r\u00e9silients.<\/p><p style=\"text-align: justify;\">Ce projet repose sur deux axes\u00a0:<\/p><p style=\"text-align: justify;\">Le Renforcement des coop\u00e9ratives communautaires de consommation\u00a0afin d\u2019assurer la s\u00e9curit\u00e9 alimentaire des m\u00e9nages et la mise en place des AVEC (associations villageoises d\u2019\u00e9pargne et de cr\u00e9dit)\u00a0pour assurer l\u2019autonomisation \u00e9conomique des m\u00e9nages.<\/p><\/div><\/div><\/div><\/div><\/div><\/div> <a href=\"https:\/\/www.pencumndakaru.sn\/index.php\/nos-appuis\/#more-1493\" class=\"more-link elementor-more-link\"><span aria-label=\"Poursuivre la lecture Projets\">(plus\u2026)<\/span><\/a>","protected":false},"excerpt":{"rendered":"<p>S\u00e9ance de pes\u00e9e \u00e0 Ouakam Dans le cadre des efforts visant \u00e0 am\u00e9liorer durablement les conditions d\u2019apprentissage des jeunes enfants, des actions \u00e9t\u00e9 men\u00e9es au cours de ce trimestre Q4 concernant la r\u00e9habilitation et l\u2019am\u00e9nagement de la Classe Pr\u00e9paratoire \u00e0 l\u2019\u00c9l\u00e9mentaire (CPE) de Y\u00e9ba, situ\u00e9e dans la commune de S\u00e9bikotane. Trois principales activit\u00e9s ont \u00e9t\u00e9 [&hellip;]<\/p>\n","protected":false},"author":1,"featured_media":0,"parent":0,"menu_order":0,"comment_status":"closed","ping_status":"closed","template":"","meta":{"footnotes":""},"class_list":["post-1493","page","type-page","status-publish","hentry"],"blocksy_meta":[],"_links":{"self":[{"href":"https:\/\/www.pencumndakaru.sn\/index.php\/wp-json\/wp\/v2\/pages\/1493","targetHints":{"allow":["GET"]}}],"collection":[{"href":"https:\/\/www.pencumndakaru.sn\/index.php\/wp-json\/wp\/v2\/pages"}],"about":[{"href":"https:\/\/www.pencumndakaru.sn\/index.php\/wp-json\/wp\/v2\/types\/page"}],"author":[{"embeddable":true,"href":"https:\/\/www.pencumndakaru.sn\/index.php\/wp-json\/wp\/v2\/users\/1"}],"replies":[{"embeddable":true,"href":"https:\/\/www.pencumndakaru.sn\/index.php\/wp-json\/wp\/v2\/comments?post=1493"}],"version-history":[{"count":29,"href":"https:\/\/www.pencumndakaru.sn\/index.php\/wp-json\/wp\/v2\/pages\/1493\/revisions"}],"predecessor-version":[{"id":2310,"href":"https:\/\/www.pencumndakaru.sn\/index.php\/wp-json\/wp\/v2\/pages\/1493\/revisions\/2310"}],"wp:attachment":[{"href":"https:\/\/www.pencumndakaru.sn\/index.php\/wp-json\/wp\/v2\/media?parent=1493"}],"curies":[{"name":"wp","href":"https:\/\/api.w.org\/{rel}","templated":true}]}}