{"id":1497,"date":"2025-11-14T11:14:49","date_gmt":"2025-11-14T11:14:49","guid":{"rendered":"https:\/\/www.pencumndakaru.sn\/?page_id=1497"},"modified":"2025-11-27T20:16:35","modified_gmt":"2025-11-27T20:16:35","slug":"orgnisation","status":"publish","type":"page","link":"https:\/\/www.pencumndakaru.sn\/index.php\/orgnisation\/","title":{"rendered":"Les Missions de l&rsquo;ONG PencumNdakaru"},"content":{"rendered":"\t\t<div data-elementor-type=\"wp-page\" data-elementor-id=\"1497\" class=\"elementor elementor-1497\">\n\t\t\t\t<div class=\"elementor-element elementor-element-3f3b88c7 e-flex e-con-boxed e-con e-parent\" data-id=\"3f3b88c7\" data-element_type=\"container\" data-e-type=\"container\">\n\t\t\t\t\t<div class=\"e-con-inner\">\n\t\t\t\t<div class=\"elementor-element elementor-element-40722dbd elementor-widget elementor-widget-text-editor\" data-id=\"40722dbd\" data-element_type=\"widget\" data-e-type=\"widget\" data-widget_type=\"text-editor.default\">\n\t\t\t\t\t\t\t\t\t<p style=\"text-align: justify;\">La F\u00e9d\u00e9ration Pencum Ndakaru \u0153uvre, en tant qu\u2019organisation leader, \u00e0 promouvoir le bien-\u00eatre des enfants en accompagnant les communaut\u00e9s face aux d\u00e9fis du d\u00e9veloppement durable.<\/p>\r\n<p data-start=\"135\" data-end=\"270\"><img fetchpriority=\"high\" decoding=\"async\" class=\"size-medium wp-image-2266 alignleft\" src=\"http:\/\/www.pencumndakaru.sn\/wp-content\/uploads\/2025\/11\/pnd4-300x211.jpg\" alt=\"\" width=\"300\" height=\"211\" srcset=\"https:\/\/www.pencumndakaru.sn\/wp-content\/uploads\/2025\/11\/pnd4-300x211.jpg 300w, https:\/\/www.pencumndakaru.sn\/wp-content\/uploads\/2025\/11\/pnd4-1024x722.jpg 1024w, https:\/\/www.pencumndakaru.sn\/wp-content\/uploads\/2025\/11\/pnd4-768x541.jpg 768w, https:\/\/www.pencumndakaru.sn\/wp-content\/uploads\/2025\/11\/pnd4.jpg 1080w\" sizes=\"(max-width: 300px) 100vw, 300px\" \/>En tant qu\u2019organisation fa\u00eeti\u00e8re regroupant plusieurs associations communautaires, la F\u00e9d\u00e9ration <strong data-start=\"232\" data-end=\"250\">Pencum Ndakaru<\/strong> a pour mission de :<\/p>\r\n<p data-start=\"274\" data-end=\"391\"><strong data-start=\"274\" data-end=\"300\">F\u00e9d\u00e9rer et accompagner<\/strong> ses associations membres afin de renforcer leur capacit\u00e9 d\u2019action aupr\u00e8s des partenaires ;<\/p>\r\n<p data-start=\"394\" data-end=\"538\"><strong data-start=\"394\" data-end=\"454\">Promouvoir le bien-\u00eatre des enfants et de leurs familles<\/strong> \u00e0 travers des programmes solides, durables et adapt\u00e9s aux besoins des communaut\u00e9s ;<\/p>\r\n<p data-start=\"541\" data-end=\"655\"><strong data-start=\"541\" data-end=\"589\">Assurer une gestion efficace et transparente<\/strong> des ressources humaines, techniques, mat\u00e9rielles et financi\u00e8res ;<\/p>\r\n<p data-start=\"658\" data-end=\"767\"><strong data-start=\"658\" data-end=\"727\">Diversifier les partenariats et mobiliser de nouvelles ressources<\/strong> pour soutenir les initiatives locales ;<\/p>\r\n<p data-start=\"770\" data-end=\"862\"><strong data-start=\"770\" data-end=\"809\">Garantir la p\u00e9rennit\u00e9 des activit\u00e9s<\/strong> et des services offerts aux enfants et aux familles.<\/p>\t\t\t\t\t\t\t\t<\/div>\n\t\t\t\t\t<\/div>\n\t\t\t\t<\/div>\n\t\t<div class=\"elementor-element elementor-element-1f3d3d3 e-flex e-con-boxed e-con e-parent\" data-id=\"1f3d3d3\" data-element_type=\"container\" data-e-type=\"container\">\n\t\t\t\t\t<div class=\"e-con-inner\">\n\t\t\t\t\t<\/div>\n\t\t\t\t<\/div>\n\t\t\t\t<\/div>\n\t\t","protected":false},"excerpt":{"rendered":"<p>La F\u00e9d\u00e9ration Pencum Ndakaru \u0153uvre, en tant qu\u2019organisation leader, \u00e0 promouvoir le bien-\u00eatre des enfants en accompagnant les communaut\u00e9s face aux d\u00e9fis du d\u00e9veloppement durable. En tant qu\u2019organisation fa\u00eeti\u00e8re regroupant plusieurs associations communautaires, la F\u00e9d\u00e9ration Pencum Ndakaru a pour mission de : F\u00e9d\u00e9rer et accompagner ses associations membres afin de renforcer leur capacit\u00e9 d\u2019action aupr\u00e8s [&hellip;]<\/p>\n","protected":false},"author":1,"featured_media":2252,"parent":0,"menu_order":0,"comment_status":"closed","ping_status":"closed","template":"","meta":{"footnotes":""},"class_list":["post-1497","page","type-page","status-publish","has-post-thumbnail","hentry"],"blocksy_meta":[],"_links":{"self":[{"href":"https:\/\/www.pencumndakaru.sn\/index.php\/wp-json\/wp\/v2\/pages\/1497","targetHints":{"allow":["GET"]}}],"collection":[{"href":"https:\/\/www.pencumndakaru.sn\/index.php\/wp-json\/wp\/v2\/pages"}],"about":[{"href":"https:\/\/www.pencumndakaru.sn\/index.php\/wp-json\/wp\/v2\/types\/page"}],"author":[{"embeddable":true,"href":"https:\/\/www.pencumndakaru.sn\/index.php\/wp-json\/wp\/v2\/users\/1"}],"replies":[{"embeddable":true,"href":"https:\/\/www.pencumndakaru.sn\/index.php\/wp-json\/wp\/v2\/comments?post=1497"}],"version-history":[{"count":10,"href":"https:\/\/www.pencumndakaru.sn\/index.php\/wp-json\/wp\/v2\/pages\/1497\/revisions"}],"predecessor-version":[{"id":2336,"href":"https:\/\/www.pencumndakaru.sn\/index.php\/wp-json\/wp\/v2\/pages\/1497\/revisions\/2336"}],"wp:featuredmedia":[{"embeddable":true,"href":"https:\/\/www.pencumndakaru.sn\/index.php\/wp-json\/wp\/v2\/media\/2252"}],"wp:attachment":[{"href":"https:\/\/www.pencumndakaru.sn\/index.php\/wp-json\/wp\/v2\/media?parent=1497"}],"curies":[{"name":"wp","href":"https:\/\/api.w.org\/{rel}","templated":true}]}}