{"id":2036,"date":"2025-11-26T11:01:24","date_gmt":"2025-11-26T11:01:24","guid":{"rendered":"https:\/\/www.pencumndakaru.sn\/?page_id=2036"},"modified":"2025-11-27T18:34:04","modified_gmt":"2025-11-27T18:34:04","slug":"programmes","status":"publish","type":"page","link":"https:\/\/www.pencumndakaru.sn\/index.php\/programmes\/","title":{"rendered":"Programmes"},"content":{"rendered":"\t\t<div data-elementor-type=\"wp-page\" data-elementor-id=\"2036\" class=\"elementor elementor-2036\">\n\t\t\t\t<div class=\"elementor-element elementor-element-89fff6f e-flex e-con-boxed e-con e-parent\" data-id=\"89fff6f\" data-element_type=\"container\" data-e-type=\"container\">\n\t\t\t\t\t<div class=\"e-con-inner\">\n\t\t<div class=\"elementor-element elementor-element-4a458c6 e-con-full e-flex e-con e-child\" data-id=\"4a458c6\" data-element_type=\"container\" data-e-type=\"container\">\n\t\t\t\t<div class=\"elementor-element elementor-element-369b0fe elementor-widget elementor-widget-fswp-text-unfold\" data-id=\"369b0fe\" data-element_type=\"widget\" data-e-type=\"widget\" data-widget_type=\"fswp-text-unfold.default\">\n\t\t\t\t<div class=\"elementor-widget-container\">\n\t\t\t\t\t        <div class=\"fswp-elt--read-more-main-wrapper\">\n                    <div class=\"fswp-elt--read-more-image-wrapper\">\n            <img decoding=\"async\" src=\"http:\/\/www.pencumndakaru.sn\/wp-content\/uploads\/2025\/11\/484534148_942973731373602_6771818588552711958_n.jpg\" \/>\n\n        <\/div><!--read-more-image-wrapper-->\n            <div class=\"fswp-elt--read-more-title-wrapper\">\n            <h3 class=\"fswp-elt--read-more-title\">Programme de promotion de la sant\u00e9 et de la s\u00e9curit\u00e9 du nourrisson <\/h3>        <\/div><!--read-more-title-wrapper-->\n            <div class=\"fswp-elt--read-more-content-wrapper\">\n                            <div class=\"fswp-elt--read-more-content\">\n                    <p>La F\u00e9d\u00e9ration Pencum Ndakaru a mis en \u0153uvre de <strong>2022 \u00e0 2025<\/strong> le projet <strong>\u00ab de promotion de la sant\u00e9 et de la s\u00e9curit\u00e9 du nourrisson \u00bb<\/strong>, visant \u00e0 renforcer la sant\u00e9, <!--lire la suite-->la nutrition, la protection et le d\u00e9veloppement des enfants de <strong>0 \u00e0 5 ans<\/strong>.Apr\u00e8s quatre ann\u00e9es, les r\u00e9sultats sont les suivants : <strong>6 641 enfants de 0 \u00e0 3 ans<\/strong> ont b\u00e9n\u00e9fici\u00e9 du suivi de leur croissance dans <strong>42 structures partenaires<\/strong>,<\/p><\/div><\/div><\/div><\/div><\/div><\/div><\/div><\/div><\/div> <a href=\"https:\/\/www.pencumndakaru.sn\/index.php\/programmes\/#more-2036\" class=\"more-link elementor-more-link\"><span aria-label=\"Poursuivre la lecture Programmes\">(plus\u2026)<\/span><\/a>","protected":false},"excerpt":{"rendered":"<p>Programme de promotion de la sant\u00e9 et de la s\u00e9curit\u00e9 du nourrisson La F\u00e9d\u00e9ration Pencum Ndakaru a mis en \u0153uvre de 2022 \u00e0 2025 le projet \u00ab de promotion de la sant\u00e9 et de la s\u00e9curit\u00e9 du nourrisson \u00bb, visant \u00e0 renforcer la sant\u00e9, la nutrition, la protection et le d\u00e9veloppement des enfants de 0 [&hellip;]<\/p>\n","protected":false},"author":1,"featured_media":1688,"parent":0,"menu_order":0,"comment_status":"closed","ping_status":"closed","template":"","meta":{"footnotes":""},"class_list":["post-2036","page","type-page","status-publish","has-post-thumbnail","hentry"],"blocksy_meta":[],"_links":{"self":[{"href":"https:\/\/www.pencumndakaru.sn\/index.php\/wp-json\/wp\/v2\/pages\/2036","targetHints":{"allow":["GET"]}}],"collection":[{"href":"https:\/\/www.pencumndakaru.sn\/index.php\/wp-json\/wp\/v2\/pages"}],"about":[{"href":"https:\/\/www.pencumndakaru.sn\/index.php\/wp-json\/wp\/v2\/types\/page"}],"author":[{"embeddable":true,"href":"https:\/\/www.pencumndakaru.sn\/index.php\/wp-json\/wp\/v2\/users\/1"}],"replies":[{"embeddable":true,"href":"https:\/\/www.pencumndakaru.sn\/index.php\/wp-json\/wp\/v2\/comments?post=2036"}],"version-history":[{"count":74,"href":"https:\/\/www.pencumndakaru.sn\/index.php\/wp-json\/wp\/v2\/pages\/2036\/revisions"}],"predecessor-version":[{"id":2208,"href":"https:\/\/www.pencumndakaru.sn\/index.php\/wp-json\/wp\/v2\/pages\/2036\/revisions\/2208"}],"wp:featuredmedia":[{"embeddable":true,"href":"https:\/\/www.pencumndakaru.sn\/index.php\/wp-json\/wp\/v2\/media\/1688"}],"wp:attachment":[{"href":"https:\/\/www.pencumndakaru.sn\/index.php\/wp-json\/wp\/v2\/media?parent=2036"}],"curies":[{"name":"wp","href":"https:\/\/api.w.org\/{rel}","templated":true}]}}